{"id":54,"date":"2025-09-15T10:27:57","date_gmt":"2025-09-15T10:27:57","guid":{"rendered":"https:\/\/antoniabule.com\/?page_id=54"},"modified":"2025-09-30T10:21:36","modified_gmt":"2025-09-30T10:21:36","slug":"zasto-rekonstrukcija","status":"publish","type":"page","link":"https:\/\/antoniabule.com\/it\/zasto-rekonstrukcija\/","title":{"rendered":"Perch\u00e9 la ricostruzione"},"content":{"rendered":"<div data-elementor-type=\"wp-page\" data-elementor-id=\"54\" class=\"elementor elementor-54\" data-elementor-post-type=\"page\">\n\t\t\t\t<div class=\"elementor-element elementor-element-895f339 e-flex e-con-boxed e-con e-parent\" data-id=\"895f339\" data-element_type=\"container\" data-e-type=\"container\" data-settings=\"{&quot;background_background&quot;:&quot;classic&quot;}\">\n\t\t\t\t\t<div class=\"e-con-inner\">\n\t\t<div class=\"elementor-element elementor-element-d4dc6cc e-con-full e-flex e-con e-child\" data-id=\"d4dc6cc\" data-element_type=\"container\" data-e-type=\"container\">\n\t\t\t\t<div class=\"elementor-element elementor-element-9aea9d8 elementor-widget elementor-widget-heading\" data-id=\"9aea9d8\" data-element_type=\"widget\" data-e-type=\"widget\" data-widget_type=\"heading.default\">\n\t\t\t\t\t<h2 class=\"elementor-heading-title elementor-size-default\">Perch\u00e9 \u00e8 necessaria una ricostruzione?<\/h2>\t\t\t\t<\/div>\n\t\t\t\t<div class=\"elementor-element elementor-element-f5dc6b7 elementor-widget elementor-widget-text-editor\" data-id=\"f5dc6b7\" data-element_type=\"widget\" data-e-type=\"widget\" data-widget_type=\"text-editor.default\">\n\t\t\t\t\t\t\t\t\t<p>\u201cUn'unghia non si rompe senza motivo. Dietro ogni danno c'\u00e8 una storia.\u201d<\/p>\t\t\t\t\t\t\t\t<\/div>\n\t\t\t\t<div class=\"elementor-element elementor-element-0b20a1f elementor-widget elementor-widget-text-editor\" data-id=\"0b20a1f\" data-element_type=\"widget\" data-e-type=\"widget\" data-widget_type=\"text-editor.default\">\n\t\t\t\t\t\t\t\t\t<p>Le cause pi\u00f9 comuni che rendono necessaria una ricostruzione:<\/p><p>T<strong>trauma (colpo, incidente, pressione)<\/strong><\/p><ul><li>Urti contro spigoli, pressione causata da calzature strette, cadute<\/li><li>L'unghia si scurisce, si sfalda, si deforma o cade completamente.<\/li><li>Molto spesso negli sportivi, in particolare nei calciatori, nei corridori e negli alpinisti.<\/li><\/ul><p>\u201cDopo il colpo, l'unghia si \u00e8 staccata e non \u00e8 pi\u00f9 ricresciuta come si deve.\u201d<\/p><p><strong>Infezioni fungine (onicomicosi)<\/strong><\/p><ul><li>Una delle cause pi\u00f9 comuni<\/li><li>L'unghia si ispessisce, ingiallisce, diventa fragile e alla fine pu\u00f2 sfaldarsi parzialmente o completamente.<\/li><li>Dopo il trattamento, l'aspetto spesso rimane alterato in modo permanente.<\/li><\/ul><p><strong>Nota: <\/strong>La ricostruzione non cura le infezioni fungine: si tratta di una soluzione estetica che segue (o accompagna) la terapia dermatologica.<\/p><p><strong>Interventi chirurgici \/ cause mediche<\/strong><\/p><ul><li>Intervento chirurgico per l'unghia incarnita<\/li><li>Rimozione di un chiodo<\/li><li>Infiammazione cronica<\/li><li>Psoriasi, diabete, malattie autoimmuni<\/li><\/ul><p>\u201cDopo che l'unghia \u00e8 stata strappata, non \u00e8 pi\u00f9 ricresciuta come si deve.\u201d<\/p><p><strong>Alterazioni e malformazioni congenite<\/strong><\/p><ul><li>Unghia geneticamente fragile o deformata<\/li><li>Crescita irregolare, rientranze, forma innaturale<\/li><li>Esteticamente inaccettabile, ma dal punto di vista medico \u201enon richiede un intervento\u201c \u2013 quindi rimane fastidioso.<\/li><\/ul><p><strong>Invecchiamento \/ alterazioni degenerative<\/strong><\/p><ul><li>Nelle persone anziane, le unghie diventano pi\u00f9 spesse, giallastre e screpolate.<\/li><li>La ricostruzione restituisce un aspetto naturale, facilita la cura e garantisce un maggiore comfort nelle scarpe.<\/li><\/ul><p><strong>Cause psicologiche ed emotive<\/strong><\/p><ul><li>Lo stress cronico e i traumi possono causare morsi, strappi o danni inconsapevoli all'unghia.<\/li><li>Talvolta associata a disturbi quali l'onicofagia (l'abitudine compulsiva di mangiarsi le unghie).<\/li><\/ul>\t\t\t\t\t\t\t\t<\/div>\n\t\t\t\t<\/div>\n\t\t\t\t\t<\/div>\n\t\t\t\t<\/div>\n\t\t\t\t<\/div>","protected":false},"excerpt":{"rendered":"<p>Za\u0161to nastaje potreba za rekonstrukcijom? \u201cNokat ne nestane bez razloga. Iza svakog o\u0161te\u0107enja stoji pri\u010da.\u201d Naj\u010de\u0161\u0107i uzro\u010dnici koji dovode do [&hellip;]<\/p>\n","protected":false},"author":1,"featured_media":0,"parent":0,"menu_order":0,"comment_status":"closed","ping_status":"closed","template":"","meta":{"site-sidebar-layout":"no-sidebar","site-content-layout":"","ast-site-content-layout":"full-width-container","site-content-style":"default","site-sidebar-style":"default","ast-global-header-display":"","ast-banner-title-visibility":"","ast-main-header-display":"","ast-hfb-above-header-display":"","ast-hfb-below-header-display":"","ast-hfb-mobile-header-display":"","site-post-title":"disabled","ast-breadcrumbs-content":"","ast-featured-img":"disabled","footer-sml-layout":"","ast-disable-related-posts":"","theme-transparent-header-meta":"","adv-header-id-meta":"","stick-header-meta":"","header-above-stick-meta":"","header-main-stick-meta":"","header-below-stick-meta":"","astra-migrate-meta-layouts":"default","ast-page-background-enabled":"default","ast-page-background-meta":{"desktop":{"background-color":"var(--ast-global-color-5)","background-image":"","background-repeat":"repeat","background-position":"center center","background-size":"auto","background-attachment":"scroll","background-type":"","background-media":"","overlay-type":"","overlay-color":"","overlay-opacity":"","overlay-gradient":""},"tablet":{"background-color":"","background-image":"","background-repeat":"repeat","background-position":"center center","background-size":"auto","background-attachment":"scroll","background-type":"","background-media":"","overlay-type":"","overlay-color":"","overlay-opacity":"","overlay-gradient":""},"mobile":{"background-color":"","background-image":"","background-repeat":"repeat","background-position":"center center","background-size":"auto","background-attachment":"scroll","background-type":"","background-media":"","overlay-type":"","overlay-color":"","overlay-opacity":"","overlay-gradient":""}},"ast-content-background-meta":{"desktop":{"background-color":"var(--ast-global-color-4)","background-image":"","background-repeat":"repeat","background-position":"center center","background-size":"auto","background-attachment":"scroll","background-type":"","background-media":"","overlay-type":"","overlay-color":"","overlay-opacity":"","overlay-gradient":""},"tablet":{"background-color":"var(--ast-global-color-4)","background-image":"","background-repeat":"repeat","background-position":"center center","background-size":"auto","background-attachment":"scroll","background-type":"","background-media":"","overlay-type":"","overlay-color":"","overlay-opacity":"","overlay-gradient":""},"mobile":{"background-color":"var(--ast-global-color-4)","background-image":"","background-repeat":"repeat","background-position":"center center","background-size":"auto","background-attachment":"scroll","background-type":"","background-media":"","overlay-type":"","overlay-color":"","overlay-opacity":"","overlay-gradient":""}},"footnotes":""},"class_list":["post-54","page","type-page","status-publish","hentry"],"_links":{"self":[{"href":"https:\/\/antoniabule.com\/it\/wp-json\/wp\/v2\/pages\/54","targetHints":{"allow":["GET"]}}],"collection":[{"href":"https:\/\/antoniabule.com\/it\/wp-json\/wp\/v2\/pages"}],"about":[{"href":"https:\/\/antoniabule.com\/it\/wp-json\/wp\/v2\/types\/page"}],"author":[{"embeddable":true,"href":"https:\/\/antoniabule.com\/it\/wp-json\/wp\/v2\/users\/1"}],"replies":[{"embeddable":true,"href":"https:\/\/antoniabule.com\/it\/wp-json\/wp\/v2\/comments?post=54"}],"version-history":[{"count":10,"href":"https:\/\/antoniabule.com\/it\/wp-json\/wp\/v2\/pages\/54\/revisions"}],"predecessor-version":[{"id":163,"href":"https:\/\/antoniabule.com\/it\/wp-json\/wp\/v2\/pages\/54\/revisions\/163"}],"wp:attachment":[{"href":"https:\/\/antoniabule.com\/it\/wp-json\/wp\/v2\/media?parent=54"}],"curies":[{"name":"wp","href":"https:\/\/api.w.org\/{rel}","templated":true}]}}