{"id":53,"date":"2025-09-15T10:27:45","date_gmt":"2025-09-15T10:27:45","guid":{"rendered":"https:\/\/antoniabule.com\/?page_id=53"},"modified":"2025-12-02T14:00:28","modified_gmt":"2025-12-02T14:00:28","slug":"psiholoski-aspekt","status":"publish","type":"page","link":"https:\/\/antoniabule.com\/it\/psiholoski-aspekt\/","title":{"rendered":"Aspetto psicologico"},"content":{"rendered":"<div data-elementor-type=\"wp-page\" data-elementor-id=\"53\" class=\"elementor elementor-53\" data-elementor-post-type=\"page\">\n\t\t\t\t<div class=\"elementor-element elementor-element-dc3b3fd e-flex e-con-boxed e-con e-parent\" data-id=\"dc3b3fd\" data-element_type=\"container\" data-e-type=\"container\">\n\t\t\t\t\t<div class=\"e-con-inner\">\n\t\t<div class=\"elementor-element elementor-element-d2cc4e8 e-con-full e-flex e-con e-child\" data-id=\"d2cc4e8\" data-element_type=\"container\" data-e-type=\"container\">\n\t\t\t\t<div class=\"elementor-element elementor-element-1eafc22 elementor-widget elementor-widget-heading\" data-id=\"1eafc22\" data-element_type=\"widget\" data-e-type=\"widget\" data-widget_type=\"heading.default\">\n\t\t\t\t\t<h2 class=\"elementor-heading-title elementor-size-default\">Aspetto psicologico<\/h2>\t\t\t\t<\/div>\n\t\t\t\t<div class=\"elementor-element elementor-element-bbfa86e elementor-widget elementor-widget-text-editor\" data-id=\"bbfa86e\" data-element_type=\"widget\" data-e-type=\"widget\" data-widget_type=\"text-editor.default\">\n\t\t\t\t\t\t\t\t\t<p>\u201cSenza empatia per ci\u00f2 che fai, il tuo lavoro non ha anima!<\/p><p>Puoi eseguire la tecnica alla perfezione, ma se non sei riuscito a infondere un senso di sicurezza, il risultato non sar\u00e0 completo.\u00a0<\/p><p>La ricostruzione delle unghie deve essere eseguita con <span style=\"font-size: 16px;\">\u00a0con comprensione e compassione, perch\u00e9 solo cos\u00ec diventa ci\u00f2 che \u00e8: un trattamento che libera dalla vergogna e dall\u2019insicurezza. Per il cliente, un'unghia danneggiata porta spesso con s\u00e9 un carico emotivo di vergogna, disagio e isolamento, ma dopo un trattamento riuscito tutto cambia in meglio. Il cliente sviluppa fiducia nello specialista e non vede pi\u00f9 le proprie unghie come \u201cun problema da nascondere\u201d, ma si abitua invece a ci\u00f2 che un tempo riteneva impossibile.\u00a0<\/span><\/p><p>\u201cTutto \u00e8 possibile per chi sa e vuole.\u201d - A.B.<\/p><p>Quando un cliente si presenta con un'unghia danneggiata, spesso non vede una soluzione, ma solo il problema. Si sente in imbarazzo, nasconde il piede, evita le scarpe aperte e spesso nemmeno le persone pi\u00f9 vicine a lui sono a conoscenza del problema o hanno visto le sue unghie dei piedi, ed \u00e8 proprio per questo che voglio che tu sappia che non sei qui per \u201caggiustare un'unghia\u201d, sei qui per restituirgli la fiducia in se stesso.\u00a0<\/p><p>Il tuo tocco, il tono della tua voce, il modo in cui coinvolgi la cliente nel processo: tutto questo contribuisce a creare un rapporto di fiducia. Nel momento in cui la cliente vede le sue unghie rimodellate, belle e curate, accade qualcosa di meraviglioso: si nota il cambiamento sul suo viso, un sorriso, sollievo, relax e spesso persino qualche lacrima. Ecco perch\u00e9 ribadisco che questo non \u00e8 solo un trattamento estetico: \u00e8 una RICOSTRUZIONE (emotiva).<\/p>\t\t\t\t\t\t\t\t<\/div>\n\t\t\t\t<div class=\"elementor-element elementor-element-b0aa6b7 elementor-widget elementor-widget-text-editor\" data-id=\"b0aa6b7\" data-element_type=\"widget\" data-e-type=\"widget\" data-widget_type=\"text-editor.default\">\n\t\t\t\t\t\t\t\t\t<p>Quante volte ti \u00e8 capitato di guardare i tuoi piedi e distogliere subito lo sguardo?<\/p><p>Quante estati hai passato con le scarpe da ginnastica chiuse mentre gli altri camminavano a piedi nudi sulla spiaggia?<\/p><p>Quante scuse ti sono venute in mente quando qualcuno ti ha invitato in piscina, alle terme o al mare?<\/p><p>Perch\u00e9\u2026 \u201cnon \u00e8 poi cos\u00ec grave\u201d, \u201c\u00e8 solo un'unghia\u201d, \u201cci sono cose peggiori\u201d\u2026<\/p><p>Ma in fondo lo sai: ti sta tormentando. E ha tutto il diritto di farlo.<\/p><p><strong>La verit\u00e0 \u00e8 semplice:<\/strong><\/p><p>La ricostruzione delle unghie non cambia solo il tuo aspetto.<\/p><p>Ti restituisce la dignit\u00e0, la sicurezza e la libert\u00e0 che hai perso lungo il cammino \u2013 forse a causa di un trauma, forse a causa di una malattia, forse per motivi genetici.<\/p><p>Perch\u00e9 la bellezza non \u00e8 superficiale quando scaturisce dalla pace interiore.<\/p><p><strong>Fiducia al passo con i tempi<\/strong><\/p><p>Un'unghia pu\u00f2 sembrare una \u201csciocchezza\u201d, ma quando ne manca una, tutto cambia:<\/p><ul><li>Perdi la tua libert\u00e0 \/ spontaneit\u00e0<\/li><li>Ti nascondi, ti chiudi in te stesso, eviti le situazioni.<\/li><li>Provi disagio e vergogna.<\/li><\/ul><p>Quando si affronta un intervento di ricostruzione, cambiano il proprio atteggiamento, il proprio sguardo, il proprio sorriso\u2026<\/p><p>I miei clienti mi dicono:<\/p><p>\u201cPer la prima volta in sette anni, ho indossato le infradito senza che il cuore mi battesse all'impazzata.\u201d<\/p><p>\u201cLe mie unghie non sono pi\u00f9 motivo di vergogna, ma di orgoglio.\u201d<\/p><p><strong>Il tuo piede merita lo stesso trattamento che riservi al tuo sguardo, al tuo sorriso, ai tuoi capelli:<\/strong><\/p><p>Attenzione, comprensione e rinnovamento.<\/p><p>Non c'\u00e8 pi\u00f9 bisogno di nascondersi.<\/p><p>Non c'\u00e8 pi\u00f9 bisogno di cercare scuse.<\/p><p>Concediti di sentirti di nuovo completo.<\/p>\t\t\t\t\t\t\t\t<\/div>\n\t\t\t\t<\/div>\n\t\t\t\t\t<\/div>\n\t\t\t\t<\/div>\n\t\t\t\t<\/div>","protected":false},"excerpt":{"rendered":"<p>Psiholo\u0161ki aspekt &#8220;Bez empatije prema ovome \u0161to radite, va\u0161 rad nema du\u0161u&#8221;! Mo\u017eete savr\u0161eno izvesti tehniku ali ako niste pru\u017eili [&hellip;]<\/p>\n","protected":false},"author":1,"featured_media":0,"parent":0,"menu_order":0,"comment_status":"closed","ping_status":"closed","template":"","meta":{"site-sidebar-layout":"no-sidebar","site-content-layout":"","ast-site-content-layout":"full-width-container","site-content-style":"default","site-sidebar-style":"default","ast-global-header-display":"","ast-banner-title-visibility":"","ast-main-header-display":"","ast-hfb-above-header-display":"","ast-hfb-below-header-display":"","ast-hfb-mobile-header-display":"","site-post-title":"","ast-breadcrumbs-content":"","ast-featured-img":"disabled","footer-sml-layout":"","ast-disable-related-posts":"","theme-transparent-header-meta":"","adv-header-id-meta":"","stick-header-meta":"","header-above-stick-meta":"","header-main-stick-meta":"","header-below-stick-meta":"","astra-migrate-meta-layouts":"default","ast-page-background-enabled":"default","ast-page-background-meta":{"desktop":{"background-color":"var(--ast-global-color-5)","background-image":"","background-repeat":"repeat","background-position":"center center","background-size":"auto","background-attachment":"scroll","background-type":"","background-media":"","overlay-type":"","overlay-color":"","overlay-opacity":"","overlay-gradient":""},"tablet":{"background-color":"","background-image":"","background-repeat":"repeat","background-position":"center center","background-size":"auto","background-attachment":"scroll","background-type":"","background-media":"","overlay-type":"","overlay-color":"","overlay-opacity":"","overlay-gradient":""},"mobile":{"background-color":"","background-image":"","background-repeat":"repeat","background-position":"center center","background-size":"auto","background-attachment":"scroll","background-type":"","background-media":"","overlay-type":"","overlay-color":"","overlay-opacity":"","overlay-gradient":""}},"ast-content-background-meta":{"desktop":{"background-color":"var(--ast-global-color-4)","background-image":"","background-repeat":"repeat","background-position":"center center","background-size":"auto","background-attachment":"scroll","background-type":"","background-media":"","overlay-type":"","overlay-color":"","overlay-opacity":"","overlay-gradient":""},"tablet":{"background-color":"var(--ast-global-color-4)","background-image":"","background-repeat":"repeat","background-position":"center center","background-size":"auto","background-attachment":"scroll","background-type":"","background-media":"","overlay-type":"","overlay-color":"","overlay-opacity":"","overlay-gradient":""},"mobile":{"background-color":"var(--ast-global-color-4)","background-image":"","background-repeat":"repeat","background-position":"center center","background-size":"auto","background-attachment":"scroll","background-type":"","background-media":"","overlay-type":"","overlay-color":"","overlay-opacity":"","overlay-gradient":""}},"footnotes":""},"class_list":["post-53","page","type-page","status-publish","hentry"],"_links":{"self":[{"href":"https:\/\/antoniabule.com\/it\/wp-json\/wp\/v2\/pages\/53","targetHints":{"allow":["GET"]}}],"collection":[{"href":"https:\/\/antoniabule.com\/it\/wp-json\/wp\/v2\/pages"}],"about":[{"href":"https:\/\/antoniabule.com\/it\/wp-json\/wp\/v2\/types\/page"}],"author":[{"embeddable":true,"href":"https:\/\/antoniabule.com\/it\/wp-json\/wp\/v2\/users\/1"}],"replies":[{"embeddable":true,"href":"https:\/\/antoniabule.com\/it\/wp-json\/wp\/v2\/comments?post=53"}],"version-history":[{"count":16,"href":"https:\/\/antoniabule.com\/it\/wp-json\/wp\/v2\/pages\/53\/revisions"}],"predecessor-version":[{"id":301,"href":"https:\/\/antoniabule.com\/it\/wp-json\/wp\/v2\/pages\/53\/revisions\/301"}],"wp:attachment":[{"href":"https:\/\/antoniabule.com\/it\/wp-json\/wp\/v2\/media?parent=53"}],"curies":[{"name":"wp","href":"https:\/\/api.w.org\/{rel}","templated":true}]}}