{"id":52,"date":"2025-09-15T10:27:31","date_gmt":"2025-09-15T10:27:31","guid":{"rendered":"https:\/\/antoniabule.com\/?page_id=52"},"modified":"2025-11-02T18:42:01","modified_gmt":"2025-11-02T18:42:01","slug":"rekonstrukcija","status":"publish","type":"page","link":"https:\/\/antoniabule.com\/it\/rekonstrukcija\/","title":{"rendered":"Ricostruzione"},"content":{"rendered":"<div data-elementor-type=\"wp-page\" data-elementor-id=\"52\" class=\"elementor elementor-52\" data-elementor-post-type=\"page\">\n\t\t\t\t<div class=\"elementor-element elementor-element-2b37130 e-flex e-con-boxed e-con e-parent\" data-id=\"2b37130\" data-element_type=\"container\" data-e-type=\"container\">\n\t\t\t\t\t<div class=\"e-con-inner\">\n\t\t<div class=\"elementor-element elementor-element-34755a3 e-con-full e-flex e-con e-child\" data-id=\"34755a3\" data-element_type=\"container\" data-e-type=\"container\">\n\t\t\t\t<div class=\"elementor-element elementor-element-b3abea3 elementor-widget elementor-widget-heading\" data-id=\"b3abea3\" data-element_type=\"widget\" data-e-type=\"widget\" data-widget_type=\"heading.default\">\n\t\t\t\t\t<h2 class=\"elementor-heading-title elementor-size-default\">Che cos'\u00e8 la ricostruzione?<\/h2>\t\t\t\t<\/div>\n\t\t\t\t<div class=\"elementor-element elementor-element-e94b5ed elementor-widget elementor-widget-text-editor\" data-id=\"e94b5ed\" data-element_type=\"widget\" data-e-type=\"widget\" data-widget_type=\"text-editor.default\">\n\t\t\t\t\t\t\t\t\t<p>La ricostruzione dell'unghia del piede \u00e8 una tecnica specialistica, sia estetica che funzionale, utilizzata per ripristinare l'aspetto di un'unghia danneggiata, deformata o persa in parte o completamente.<\/p><p>Non si tratta solo di bellezza: \u00e8 il ritorno della fiducia in se stessi, della libert\u00e0 e del benessere.<\/p><p>Si utilizza un materiale di alta qualit\u00e0 che riproduce l'aspetto dell'unghia naturale e ne consente la crescita senza ostacoli al di sotto. Grazie a trattamenti regolari, a una corretta pulizia e preparazione, le condizioni dell'unghia migliorano e, in una percentuale molto elevata di casi, l'unghia appare in condizioni decisamente migliori rispetto a quando il cliente si \u00e8 presentato per la prima volta. (lo stato in cui si trovava l'unghia quando la cliente si \u00e8 presentata per la prima volta per il trattamento)<\/p>\t\t\t\t\t\t\t\t<\/div>\n\t\t\t\t<div class=\"elementor-element elementor-element-e520977 elementor-widget elementor-widget-heading\" data-id=\"e520977\" data-element_type=\"widget\" data-e-type=\"widget\" data-widget_type=\"heading.default\">\n\t\t\t\t\t<h2 class=\"elementor-heading-title elementor-size-default\">A chi \u00e8 rivolto?<\/h2>\t\t\t\t<\/div>\n\t\t\t\t<div class=\"elementor-element elementor-element-8f4a150 elementor-widget elementor-widget-text-editor\" data-id=\"8f4a150\" data-element_type=\"widget\" data-e-type=\"widget\" data-widget_type=\"text-editor.default\">\n\t\t\t\t\t\t\t\t\t<p>\u2714\ufe0f Per chi ha perso un'unghia (o parte di essa) a causa di un trauma (colpo, attivit\u00e0 sportiva, incidente)<\/p><p>\u2714\ufe0f Per chi ha avuto o ha attualmente alterazioni fungine<\/p><p>\u2714\ufe0f Per chi presenta anomalie congenite della lamina ungueale<\/p><p>\u2714\ufe0f Per tutti coloro che evitano le scarpe aperte a causa delle unghie dei piedi<\/p><p>\u2714\ufe0f Per donne e uomini di tutte le et\u00e0<\/p>\t\t\t\t\t\t\t\t<\/div>\n\t\t\t\t<div class=\"elementor-element elementor-element-5f83ba6 elementor-widget elementor-widget-heading\" data-id=\"5f83ba6\" data-element_type=\"widget\" data-e-type=\"widget\" data-widget_type=\"heading.default\">\n\t\t\t\t\t<h2 class=\"elementor-heading-title elementor-size-default\">Quanto dura il trattamento?<\/h2>\t\t\t\t<\/div>\n\t\t\t\t<div class=\"elementor-element elementor-element-fd0ba05 elementor-widget elementor-widget-text-editor\" data-id=\"fd0ba05\" data-element_type=\"widget\" data-e-type=\"widget\" data-widget_type=\"text-editor.default\">\n\t\t\t\t\t\t\t\t\t<p>Il trattamento dura in media dai 30 ai 60 minuti, a seconda delle condizioni, del numero di unghie da ricostruire e dell'abilit\u00e0 ed esperienza dell'estetista. Il tempo necessario dipende anche dal fatto che sia incluso il servizio di smalto o di smalto permanente.<\/p><p>\u00c8 possibile trattare una o pi\u00f9 unghie e la ricostruzione viene personalizzata in base alle esigenze individuali di ogni cliente. Ogni letto ungueale richiede un approccio personalizzato e una tecnica specifica per risolvere il problema, al fine di ottenere la migliore soluzione estetica possibile.<\/p><p>\u00a0<\/p>\t\t\t\t\t\t\t\t<\/div>\n\t\t\t\t<div class=\"elementor-element elementor-element-bd29df7 elementor-widget elementor-widget-heading\" data-id=\"bd29df7\" data-element_type=\"widget\" data-e-type=\"widget\" data-widget_type=\"heading.default\">\n\t\t\t\t\t<h2 class=\"elementor-heading-title elementor-size-default\">In cosa consiste la procedura?<\/h2>\t\t\t\t<\/div>\n\t\t\t\t<\/div>\n\t\t\t\t\t<\/div>\n\t\t\t\t<\/div>\n\t\t<div class=\"elementor-element elementor-element-cb7493e e-flex e-con-boxed e-con e-parent\" data-id=\"cb7493e\" data-element_type=\"container\" data-e-type=\"container\">\n\t\t\t\t\t<div class=\"e-con-inner\">\n\t\t\t\t<div class=\"elementor-element elementor-element-6baf89d elementor-widget elementor-widget-text-editor\" data-id=\"6baf89d\" data-element_type=\"widget\" data-e-type=\"widget\" data-widget_type=\"text-editor.default\">\n\t\t\t\t\t\t\t\t\t<ol><li>Valutazione delle condizioni \u2013 Consulenza al cliente e analisi delle unghie naturali<\/li><li>Preparazione \u2013 trattamento igienico-tecnico delle unghie<\/li><li>Dare forma alla ricostruzione: il materiale viene applicato e modellato.<\/li><li>Finitura: levigatura fine e, su richiesta del cliente, verniciatura\/laccatura resistente.<\/li><\/ol><p>-senza dolore<\/p><p>Nessuna manovra aggressiva<\/p><p>Non strappare n\u00e9 tirare via l'unghia naturale<\/p>\t\t\t\t\t\t\t\t<\/div>\n\t\t\t\t\t<\/div>\n\t\t\t\t<\/div>\n\t\t<div class=\"elementor-element elementor-element-ca717bd e-flex e-con-boxed e-con e-parent\" data-id=\"ca717bd\" data-element_type=\"container\" data-e-type=\"container\">\n\t\t\t\t\t<div class=\"e-con-inner\">\n\t\t\t\t<div class=\"elementor-element elementor-element-1c62b0e elementor-widget elementor-widget-heading\" data-id=\"1c62b0e\" data-element_type=\"widget\" data-e-type=\"widget\" data-widget_type=\"heading.default\">\n\t\t\t\t\t<h2 class=\"elementor-heading-title elementor-size-default\">Con quale frequenza viene ripetuto il trattamento?<\/h2>\t\t\t\t<\/div>\n\t\t\t\t\t<\/div>\n\t\t\t\t<\/div>\n\t\t<div class=\"elementor-element elementor-element-d4e898d e-flex e-con-boxed e-con e-parent\" data-id=\"d4e898d\" data-element_type=\"container\" data-e-type=\"container\">\n\t\t\t\t\t<div class=\"e-con-inner\">\n\t\t\t\t<div class=\"elementor-element elementor-element-a369954 elementor-widget elementor-widget-text-editor\" data-id=\"a369954\" data-element_type=\"widget\" data-e-type=\"widget\" data-widget_type=\"text-editor.default\">\n\t\t\t\t\t\t\t\t\t<p>Si consiglia di rinnovare la ricostruzione ogni 4-6 settimane, a seconda della velocit\u00e0 di crescita dell'unghia e dello stile di vita.<\/p><p>Il trattamento va assolutamente ripetuto entro due mesi.<\/p><p>Pu\u00f2 essere rinnovato regolarmente fino a quando l'unghia naturale non si sar\u00e0 ripristinata, oppure pu\u00f2 rappresentare una soluzione estetica pi\u00f9 duratura, a seconda delle preferenze della cliente.<\/p>\t\t\t\t\t\t\t\t<\/div>\n\t\t\t\t\t<\/div>\n\t\t\t\t<\/div>\n\t\t<div class=\"elementor-element elementor-element-587ffe5 e-flex e-con-boxed e-con e-parent\" data-id=\"587ffe5\" data-element_type=\"container\" data-e-type=\"container\">\n\t\t\t\t\t<div class=\"e-con-inner\">\n\t\t\t\t<div class=\"elementor-element elementor-element-a3625d1 elementor-widget elementor-widget-heading\" data-id=\"a3625d1\" data-element_type=\"widget\" data-e-type=\"widget\" data-widget_type=\"heading.default\">\n\t\t\t\t\t<h2 class=\"elementor-heading-title elementor-size-default\">Da sapere<\/h2>\t\t\t\t<\/div>\n\t\t\t\t<div class=\"elementor-element elementor-element-750ae28 elementor-widget elementor-widget-text-editor\" data-id=\"750ae28\" data-element_type=\"widget\" data-e-type=\"widget\" data-widget_type=\"text-editor.default\">\n\t\t\t\t\t\t\t\t\t<p>La ricostruzione non \u00e8 un trattamento contro le infezioni fungine, ma pu\u00f2 essere eseguita dopo o durante un trattamento mirato sotto la supervisione di un dermatologo.\u00a0<\/p><p>Quando il cliente \u00e8 pronto a procedere, viene concordato un protocollo personalizzato per il trattamento delle unghie, noto come fase di trattamento.<\/p><ul><li>In caso di sospetta micosi o infezione, consiglio sempre di sottoporsi prima a una visita dermatologica e di seguire il trattamento prescritto.<\/li><\/ul>\t\t\t\t\t\t\t\t<\/div>\n\t\t\t\t\t<\/div>\n\t\t\t\t<\/div>\n\t\t\t\t<\/div>","protected":false},"excerpt":{"rendered":"<p>\u0160to je rekonstrukcija? Rekonstrukcija noktiju na nogama je specijalizirana estetsko-funkcionalna tehnika kojom se obnavlja izgled o\u0161te\u0107enog, deformiranog ili djelomi\u010dno\/ukupno izgubljenog [&hellip;]<\/p>\n","protected":false},"author":1,"featured_media":0,"parent":0,"menu_order":0,"comment_status":"closed","ping_status":"closed","template":"","meta":{"site-sidebar-layout":"no-sidebar","site-content-layout":"","ast-site-content-layout":"full-width-container","site-content-style":"default","site-sidebar-style":"default","ast-global-header-display":"","ast-banner-title-visibility":"","ast-main-header-display":"","ast-hfb-above-header-display":"","ast-hfb-below-header-display":"","ast-hfb-mobile-header-display":"","site-post-title":"disabled","ast-breadcrumbs-content":"","ast-featured-img":"disabled","footer-sml-layout":"","ast-disable-related-posts":"","theme-transparent-header-meta":"","adv-header-id-meta":"","stick-header-meta":"","header-above-stick-meta":"","header-main-stick-meta":"","header-below-stick-meta":"","astra-migrate-meta-layouts":"default","ast-page-background-enabled":"default","ast-page-background-meta":{"desktop":{"background-color":"var(--ast-global-color-5)","background-image":"","background-repeat":"repeat","background-position":"center center","background-size":"auto","background-attachment":"scroll","background-type":"","background-media":"","overlay-type":"","overlay-color":"","overlay-opacity":"","overlay-gradient":""},"tablet":{"background-color":"","background-image":"","background-repeat":"repeat","background-position":"center center","background-size":"auto","background-attachment":"scroll","background-type":"","background-media":"","overlay-type":"","overlay-color":"","overlay-opacity":"","overlay-gradient":""},"mobile":{"background-color":"","background-image":"","background-repeat":"repeat","background-position":"center center","background-size":"auto","background-attachment":"scroll","background-type":"","background-media":"","overlay-type":"","overlay-color":"","overlay-opacity":"","overlay-gradient":""}},"ast-content-background-meta":{"desktop":{"background-color":"var(--ast-global-color-4)","background-image":"","background-repeat":"repeat","background-position":"center center","background-size":"auto","background-attachment":"scroll","background-type":"","background-media":"","overlay-type":"","overlay-color":"","overlay-opacity":"","overlay-gradient":""},"tablet":{"background-color":"var(--ast-global-color-4)","background-image":"","background-repeat":"repeat","background-position":"center center","background-size":"auto","background-attachment":"scroll","background-type":"","background-media":"","overlay-type":"","overlay-color":"","overlay-opacity":"","overlay-gradient":""},"mobile":{"background-color":"var(--ast-global-color-4)","background-image":"","background-repeat":"repeat","background-position":"center center","background-size":"auto","background-attachment":"scroll","background-type":"","background-media":"","overlay-type":"","overlay-color":"","overlay-opacity":"","overlay-gradient":""}},"footnotes":""},"class_list":["post-52","page","type-page","status-publish","hentry"],"_links":{"self":[{"href":"https:\/\/antoniabule.com\/it\/wp-json\/wp\/v2\/pages\/52","targetHints":{"allow":["GET"]}}],"collection":[{"href":"https:\/\/antoniabule.com\/it\/wp-json\/wp\/v2\/pages"}],"about":[{"href":"https:\/\/antoniabule.com\/it\/wp-json\/wp\/v2\/types\/page"}],"author":[{"embeddable":true,"href":"https:\/\/antoniabule.com\/it\/wp-json\/wp\/v2\/users\/1"}],"replies":[{"embeddable":true,"href":"https:\/\/antoniabule.com\/it\/wp-json\/wp\/v2\/comments?post=52"}],"version-history":[{"count":28,"href":"https:\/\/antoniabule.com\/it\/wp-json\/wp\/v2\/pages\/52\/revisions"}],"predecessor-version":[{"id":214,"href":"https:\/\/antoniabule.com\/it\/wp-json\/wp\/v2\/pages\/52\/revisions\/214"}],"wp:attachment":[{"href":"https:\/\/antoniabule.com\/it\/wp-json\/wp\/v2\/media?parent=52"}],"curies":[{"name":"wp","href":"https:\/\/api.w.org\/{rel}","templated":true}]}}