{"id":54,"date":"2025-09-15T10:27:57","date_gmt":"2025-09-15T10:27:57","guid":{"rendered":"https:\/\/antoniabule.com\/?page_id=54"},"modified":"2025-09-30T10:21:36","modified_gmt":"2025-09-30T10:21:36","slug":"zasto-rekonstrukcija","status":"publish","type":"page","link":"https:\/\/antoniabule.com\/en\/zasto-rekonstrukcija\/","title":{"rendered":"Why reconstruction"},"content":{"rendered":"<div data-elementor-type=\"wp-page\" data-elementor-id=\"54\" class=\"elementor elementor-54\" data-elementor-post-type=\"page\">\n\t\t\t\t<div class=\"elementor-element elementor-element-895f339 e-flex e-con-boxed e-con e-parent\" data-id=\"895f339\" data-element_type=\"container\" data-e-type=\"container\" data-settings=\"{&quot;background_background&quot;:&quot;classic&quot;}\">\n\t\t\t\t\t<div class=\"e-con-inner\">\n\t\t<div class=\"elementor-element elementor-element-d4dc6cc e-con-full e-flex e-con e-child\" data-id=\"d4dc6cc\" data-element_type=\"container\" data-e-type=\"container\">\n\t\t\t\t<div class=\"elementor-element elementor-element-9aea9d8 elementor-widget elementor-widget-heading\" data-id=\"9aea9d8\" data-element_type=\"widget\" data-e-type=\"widget\" data-widget_type=\"heading.default\">\n\t\t\t\t\t<h2 class=\"elementor-heading-title elementor-size-default\">Why does the need for reconstruction arise?<\/h2>\t\t\t\t<\/div>\n\t\t\t\t<div class=\"elementor-element elementor-element-f5dc6b7 elementor-widget elementor-widget-text-editor\" data-id=\"f5dc6b7\" data-element_type=\"widget\" data-e-type=\"widget\" data-widget_type=\"text-editor.default\">\n\t\t\t\t\t\t\t\t\t<p>\u201cNails don't disappear for no reason. Behind every damage, there is a story.\u201d<\/p>\t\t\t\t\t\t\t\t<\/div>\n\t\t\t\t<div class=\"elementor-element elementor-element-0b20a1f elementor-widget elementor-widget-text-editor\" data-id=\"0b20a1f\" data-element_type=\"widget\" data-e-type=\"widget\" data-widget_type=\"text-editor.default\">\n\t\t\t\t\t\t\t\t\t<p>The most common causes that lead to the need for reconstruction:<\/p><p>T<strong>blow (strike, accident, pressure)<\/strong><\/p><ul><li>Bumps and bruises, tight shoes, falls<\/li><li>The nail dark<\/li><li>Very often in athletes, especially footballers, runners and hikers<\/li><\/ul><p>\u201cMy nail lifted after the blow and never grew back properly.\u201d<\/p><p><strong>Fungal infections (onychomycosis)<\/strong><\/p><ul><li>One of the most common causes<\/li><li>The nail becomes thickened, yellow, brittle, and can eventually partially or completely disintegrate<\/li><li>Following treatment, the appearance often remains permanently altered.<\/li><\/ul><p><strong>Note: <\/strong>Reconstruction doesn't cure fungal infections \u2013 it's an aesthetic solution after (or alongside) dermatological treatment.<\/p><p><strong>Surgical procedures \/ medical causes<\/strong><\/p><ul><li>Ingrown toenail surgery<\/li><li>Nail removal<\/li><li>Chronic inflammation<\/li><li>Psoriasis, diabetes, autoimmune diseases<\/li><\/ul><p>\u201cAfter the nail was pulled out, it never grew back properly.\u201d<\/p><p><strong>Congenital changes and deformities<\/strong><\/p><ul><li>Genetically weak or deformed nail<\/li><li>Uneven growth, indentations, unnatural shape<\/li><li>Aesthetically unacceptable, but medically \u201enot for intervention\u201c - so the discomfort remains<\/li><\/ul><p><strong>Ageing \/ degenerative changes<\/strong><\/p><ul><li>In older people \u2013 nails become thickened, yellowish, and crack<\/li><li>Reconstruction restores a natural appearance, ease of care, and a better feel in footwear.<\/li><\/ul><p><strong>Psychological and emotional causes<\/strong><\/p><ul><li>Chronic stress and trauma can lead to nail biting, picking, or unconsciously damaging the nail.<\/li><li>Occasionally associated with disorders such as onychophagia (compulsive nail biting)<\/li><\/ul>\t\t\t\t\t\t\t\t<\/div>\n\t\t\t\t<\/div>\n\t\t\t\t\t<\/div>\n\t\t\t\t<\/div>\n\t\t\t\t<\/div>","protected":false},"excerpt":{"rendered":"<p>Za\u0161to nastaje potreba za rekonstrukcijom? \u201cNokat ne nestane bez razloga. Iza svakog o\u0161te\u0107enja stoji pri\u010da.\u201d Naj\u010de\u0161\u0107i uzro\u010dnici koji dovode do [&hellip;]<\/p>\n","protected":false},"author":1,"featured_media":0,"parent":0,"menu_order":0,"comment_status":"closed","ping_status":"closed","template":"","meta":{"site-sidebar-layout":"no-sidebar","site-content-layout":"","ast-site-content-layout":"full-width-container","site-content-style":"default","site-sidebar-style":"default","ast-global-header-display":"","ast-banner-title-visibility":"","ast-main-header-display":"","ast-hfb-above-header-display":"","ast-hfb-below-header-display":"","ast-hfb-mobile-header-display":"","site-post-title":"disabled","ast-breadcrumbs-content":"","ast-featured-img":"disabled","footer-sml-layout":"","ast-disable-related-posts":"","theme-transparent-header-meta":"","adv-header-id-meta":"","stick-header-meta":"","header-above-stick-meta":"","header-main-stick-meta":"","header-below-stick-meta":"","astra-migrate-meta-layouts":"default","ast-page-background-enabled":"default","ast-page-background-meta":{"desktop":{"background-color":"var(--ast-global-color-5)","background-image":"","background-repeat":"repeat","background-position":"center center","background-size":"auto","background-attachment":"scroll","background-type":"","background-media":"","overlay-type":"","overlay-color":"","overlay-opacity":"","overlay-gradient":""},"tablet":{"background-color":"","background-image":"","background-repeat":"repeat","background-position":"center center","background-size":"auto","background-attachment":"scroll","background-type":"","background-media":"","overlay-type":"","overlay-color":"","overlay-opacity":"","overlay-gradient":""},"mobile":{"background-color":"","background-image":"","background-repeat":"repeat","background-position":"center center","background-size":"auto","background-attachment":"scroll","background-type":"","background-media":"","overlay-type":"","overlay-color":"","overlay-opacity":"","overlay-gradient":""}},"ast-content-background-meta":{"desktop":{"background-color":"var(--ast-global-color-4)","background-image":"","background-repeat":"repeat","background-position":"center center","background-size":"auto","background-attachment":"scroll","background-type":"","background-media":"","overlay-type":"","overlay-color":"","overlay-opacity":"","overlay-gradient":""},"tablet":{"background-color":"var(--ast-global-color-4)","background-image":"","background-repeat":"repeat","background-position":"center center","background-size":"auto","background-attachment":"scroll","background-type":"","background-media":"","overlay-type":"","overlay-color":"","overlay-opacity":"","overlay-gradient":""},"mobile":{"background-color":"var(--ast-global-color-4)","background-image":"","background-repeat":"repeat","background-position":"center center","background-size":"auto","background-attachment":"scroll","background-type":"","background-media":"","overlay-type":"","overlay-color":"","overlay-opacity":"","overlay-gradient":""}},"footnotes":""},"class_list":["post-54","page","type-page","status-publish","hentry"],"_links":{"self":[{"href":"https:\/\/antoniabule.com\/en\/wp-json\/wp\/v2\/pages\/54","targetHints":{"allow":["GET"]}}],"collection":[{"href":"https:\/\/antoniabule.com\/en\/wp-json\/wp\/v2\/pages"}],"about":[{"href":"https:\/\/antoniabule.com\/en\/wp-json\/wp\/v2\/types\/page"}],"author":[{"embeddable":true,"href":"https:\/\/antoniabule.com\/en\/wp-json\/wp\/v2\/users\/1"}],"replies":[{"embeddable":true,"href":"https:\/\/antoniabule.com\/en\/wp-json\/wp\/v2\/comments?post=54"}],"version-history":[{"count":10,"href":"https:\/\/antoniabule.com\/en\/wp-json\/wp\/v2\/pages\/54\/revisions"}],"predecessor-version":[{"id":163,"href":"https:\/\/antoniabule.com\/en\/wp-json\/wp\/v2\/pages\/54\/revisions\/163"}],"wp:attachment":[{"href":"https:\/\/antoniabule.com\/en\/wp-json\/wp\/v2\/media?parent=54"}],"curies":[{"name":"wp","href":"https:\/\/api.w.org\/{rel}","templated":true}]}}