{"id":53,"date":"2025-09-15T10:27:45","date_gmt":"2025-09-15T10:27:45","guid":{"rendered":"https:\/\/antoniabule.com\/?page_id=53"},"modified":"2025-12-02T14:00:28","modified_gmt":"2025-12-02T14:00:28","slug":"psiholoski-aspekt","status":"publish","type":"page","link":"https:\/\/antoniabule.com\/en\/psiholoski-aspekt\/","title":{"rendered":"Psychological aspect"},"content":{"rendered":"<div data-elementor-type=\"wp-page\" data-elementor-id=\"53\" class=\"elementor elementor-53\" data-elementor-post-type=\"page\">\n\t\t\t\t<div class=\"elementor-element elementor-element-dc3b3fd e-flex e-con-boxed e-con e-parent\" data-id=\"dc3b3fd\" data-element_type=\"container\" data-e-type=\"container\">\n\t\t\t\t\t<div class=\"e-con-inner\">\n\t\t<div class=\"elementor-element elementor-element-d2cc4e8 e-con-full e-flex e-con e-child\" data-id=\"d2cc4e8\" data-element_type=\"container\" data-e-type=\"container\">\n\t\t\t\t<div class=\"elementor-element elementor-element-1eafc22 elementor-widget elementor-widget-heading\" data-id=\"1eafc22\" data-element_type=\"widget\" data-e-type=\"widget\" data-widget_type=\"heading.default\">\n\t\t\t\t\t<h2 class=\"elementor-heading-title elementor-size-default\">Psychological aspect<\/h2>\t\t\t\t<\/div>\n\t\t\t\t<div class=\"elementor-element elementor-element-bbfa86e elementor-widget elementor-widget-text-editor\" data-id=\"bbfa86e\" data-element_type=\"widget\" data-e-type=\"widget\" data-widget_type=\"text-editor.default\">\n\t\t\t\t\t\t\t\t\t<p>\u201cWithout empathy for what you do, your work has no soul!\u201d<\/p><p>You can perfectly execute a technique, but if you haven't provided a sense of security, the result will not be complete.\u00a0<\/p><p>Nail reconstruction should be done with <span style=\"font-size: 16px;\">\u00a0with understanding and compassion, as only then does it become what it is \u2013 a treatment for liberation from shame and shaken self-confidence. For the client, a damaged nail often carries an emotional burden of shame, discomfort, and isolation, but after a successful treatment, everything changes for the better. The client develops trust towards the professional and no longer sees their nails as a \u201cproblem to be hidden,\u201d but rather becomes accustomed to what they thought was impossible.\u00a0<\/span><\/p><p>\u201cEverything is possible if you know how and want to.\u201d - A.B.<\/p><p>When a client comes in with a damaged nail, they often can't see a solution \u2013 they see a problem. They feel ashamed, hide their foot, avoid open-toed shoes; quite often, even people close to them don't know about the issue or haven't seen their toenails. That's precisely why I want you to know that you're not there to \u201cfix the nail,\u201d you're there to restore their confidence.\u00a0<\/p><p>Your touch, tone of voice, the way you guide the client through the process builds trust. The moment the client sees their nail reshaped, beautiful, tidy, something wonderful happens because you see the change on their face, a smile, relief, relaxation, and often tears. That's why I stand by my words that it's not just an aesthetic treatment \u2013 it's an (emotional) RECONSTRUCTION.<\/p>\t\t\t\t\t\t\t\t<\/div>\n\t\t\t\t<div class=\"elementor-element elementor-element-b0aa6b7 elementor-widget elementor-widget-text-editor\" data-id=\"b0aa6b7\" data-element_type=\"widget\" data-e-type=\"widget\" data-widget_type=\"text-editor.default\">\n\t\t\t\t\t\t\t\t\t<p>How many times have you looked at your feet and quickly looked away?<\/p><p>How many summers have you spent in closed-toe trainers while others walk barefoot on the beach?<\/p><p>How many excuses did you come up with when someone invited you to the pool, the spa or the sea?<\/p><p>\u201cIt's not that bad\u201d, \u201cjust one nail\u201d, \u201cthere are worse things\u201d...<\/p><p>But deep down you know \u2013 that\u2019s what\u2019s bothering you. And it has every right to bother you.<\/p><p><strong>The truth is simple:<\/strong><\/p><p>Nail reconstruction doesn't just change your appearance.<\/p><p>It restores the dignity, security, and freedom that you lost somewhere along the way \u2013 perhaps due to trauma, illness, or genetics.<\/p><p>For beauty is not superficial when it comes from inner peace.<\/p><p><strong>Confidence paired with a step<\/strong><\/p><p>Nails might seem like a \u201csmall thing\u201d, but when they're missing \u2013 everything changes:<\/p><ul><li>You're losing freedom \/ spontaneity<\/li><li>You are hiding, withdrawing, avoiding situations<\/li><li>You feel discomfort and shame<\/li><\/ul><p>When the reconstruction is done, the attitude, the look, the smile changes\u2026<\/p><p>My clients tell me:<\/p><p>\u201cFor the first time in 7 years, I put on flip-flops without my heart pounding.\u201d<\/p><p>\u201cMy nails are no longer a source of shame \u2013 but of pride.\u201d<\/p><p><strong>Your foot deserves the same as your gaze, smile, and hair:<\/strong><\/p><p>Attention, understanding, and recovery.<\/p><p>There's no longer any need to hide.<\/p><p>You no longer need to justify yourself.<\/p><p>Allow yourself to feel whole again.<\/p>\t\t\t\t\t\t\t\t<\/div>\n\t\t\t\t<\/div>\n\t\t\t\t\t<\/div>\n\t\t\t\t<\/div>\n\t\t\t\t<\/div>","protected":false},"excerpt":{"rendered":"<p>Psiholo\u0161ki aspekt &#8220;Bez empatije prema ovome \u0161to radite, va\u0161 rad nema du\u0161u&#8221;! Mo\u017eete savr\u0161eno izvesti tehniku ali ako niste pru\u017eili [&hellip;]<\/p>\n","protected":false},"author":1,"featured_media":0,"parent":0,"menu_order":0,"comment_status":"closed","ping_status":"closed","template":"","meta":{"site-sidebar-layout":"no-sidebar","site-content-layout":"","ast-site-content-layout":"full-width-container","site-content-style":"default","site-sidebar-style":"default","ast-global-header-display":"","ast-banner-title-visibility":"","ast-main-header-display":"","ast-hfb-above-header-display":"","ast-hfb-below-header-display":"","ast-hfb-mobile-header-display":"","site-post-title":"","ast-breadcrumbs-content":"","ast-featured-img":"disabled","footer-sml-layout":"","ast-disable-related-posts":"","theme-transparent-header-meta":"","adv-header-id-meta":"","stick-header-meta":"","header-above-stick-meta":"","header-main-stick-meta":"","header-below-stick-meta":"","astra-migrate-meta-layouts":"default","ast-page-background-enabled":"default","ast-page-background-meta":{"desktop":{"background-color":"var(--ast-global-color-5)","background-image":"","background-repeat":"repeat","background-position":"center center","background-size":"auto","background-attachment":"scroll","background-type":"","background-media":"","overlay-type":"","overlay-color":"","overlay-opacity":"","overlay-gradient":""},"tablet":{"background-color":"","background-image":"","background-repeat":"repeat","background-position":"center center","background-size":"auto","background-attachment":"scroll","background-type":"","background-media":"","overlay-type":"","overlay-color":"","overlay-opacity":"","overlay-gradient":""},"mobile":{"background-color":"","background-image":"","background-repeat":"repeat","background-position":"center center","background-size":"auto","background-attachment":"scroll","background-type":"","background-media":"","overlay-type":"","overlay-color":"","overlay-opacity":"","overlay-gradient":""}},"ast-content-background-meta":{"desktop":{"background-color":"var(--ast-global-color-4)","background-image":"","background-repeat":"repeat","background-position":"center center","background-size":"auto","background-attachment":"scroll","background-type":"","background-media":"","overlay-type":"","overlay-color":"","overlay-opacity":"","overlay-gradient":""},"tablet":{"background-color":"var(--ast-global-color-4)","background-image":"","background-repeat":"repeat","background-position":"center center","background-size":"auto","background-attachment":"scroll","background-type":"","background-media":"","overlay-type":"","overlay-color":"","overlay-opacity":"","overlay-gradient":""},"mobile":{"background-color":"var(--ast-global-color-4)","background-image":"","background-repeat":"repeat","background-position":"center center","background-size":"auto","background-attachment":"scroll","background-type":"","background-media":"","overlay-type":"","overlay-color":"","overlay-opacity":"","overlay-gradient":""}},"footnotes":""},"class_list":["post-53","page","type-page","status-publish","hentry"],"_links":{"self":[{"href":"https:\/\/antoniabule.com\/en\/wp-json\/wp\/v2\/pages\/53","targetHints":{"allow":["GET"]}}],"collection":[{"href":"https:\/\/antoniabule.com\/en\/wp-json\/wp\/v2\/pages"}],"about":[{"href":"https:\/\/antoniabule.com\/en\/wp-json\/wp\/v2\/types\/page"}],"author":[{"embeddable":true,"href":"https:\/\/antoniabule.com\/en\/wp-json\/wp\/v2\/users\/1"}],"replies":[{"embeddable":true,"href":"https:\/\/antoniabule.com\/en\/wp-json\/wp\/v2\/comments?post=53"}],"version-history":[{"count":16,"href":"https:\/\/antoniabule.com\/en\/wp-json\/wp\/v2\/pages\/53\/revisions"}],"predecessor-version":[{"id":301,"href":"https:\/\/antoniabule.com\/en\/wp-json\/wp\/v2\/pages\/53\/revisions\/301"}],"wp:attachment":[{"href":"https:\/\/antoniabule.com\/en\/wp-json\/wp\/v2\/media?parent=53"}],"curies":[{"name":"wp","href":"https:\/\/api.w.org\/{rel}","templated":true}]}}