{"id":52,"date":"2025-09-15T10:27:31","date_gmt":"2025-09-15T10:27:31","guid":{"rendered":"https:\/\/antoniabule.com\/?page_id=52"},"modified":"2025-11-02T18:42:01","modified_gmt":"2025-11-02T18:42:01","slug":"rekonstrukcija","status":"publish","type":"page","link":"https:\/\/antoniabule.com\/en\/rekonstrukcija\/","title":{"rendered":"Reconstruction"},"content":{"rendered":"<div data-elementor-type=\"wp-page\" data-elementor-id=\"52\" class=\"elementor elementor-52\" data-elementor-post-type=\"page\">\n\t\t\t\t<div class=\"elementor-element elementor-element-2b37130 e-flex e-con-boxed e-con e-parent\" data-id=\"2b37130\" data-element_type=\"container\" data-e-type=\"container\">\n\t\t\t\t\t<div class=\"e-con-inner\">\n\t\t<div class=\"elementor-element elementor-element-34755a3 e-con-full e-flex e-con e-child\" data-id=\"34755a3\" data-element_type=\"container\" data-e-type=\"container\">\n\t\t\t\t<div class=\"elementor-element elementor-element-b3abea3 elementor-widget elementor-widget-heading\" data-id=\"b3abea3\" data-element_type=\"widget\" data-e-type=\"widget\" data-widget_type=\"heading.default\">\n\t\t\t\t\t<h2 class=\"elementor-heading-title elementor-size-default\">What is reconstruction?<\/h2>\t\t\t\t<\/div>\n\t\t\t\t<div class=\"elementor-element elementor-element-e94b5ed elementor-widget elementor-widget-text-editor\" data-id=\"e94b5ed\" data-element_type=\"widget\" data-e-type=\"widget\" data-widget_type=\"text-editor.default\">\n\t\t\t\t\t\t\t\t\t<p>Nail reconstruction on the feet is a specialised aesthetic and functional technique used to restore the appearance of a damaged, deformed, or partially\/wholly lost nail.<\/p><p>It's not just beauty \u2013 this is a return of self-confidence, freedom, and comfort.<\/p><p>High-quality material is used which imitates a natural nail and allows unimpeded growth underneath. With regular treatments, adequate cleaning and preparation, the nail's condition improves and in a very high percentage of cases, the nail looks far better than its initial state (the state the nail was in when the client first came for treatment).<\/p>\t\t\t\t\t\t\t\t<\/div>\n\t\t\t\t<div class=\"elementor-element elementor-element-e520977 elementor-widget elementor-widget-heading\" data-id=\"e520977\" data-element_type=\"widget\" data-e-type=\"widget\" data-widget_type=\"heading.default\">\n\t\t\t\t\t<h2 class=\"elementor-heading-title elementor-size-default\">Who is it for?<\/h2>\t\t\t\t<\/div>\n\t\t\t\t<div class=\"elementor-element elementor-element-8f4a150 elementor-widget elementor-widget-text-editor\" data-id=\"8f4a150\" data-element_type=\"widget\" data-e-type=\"widget\" data-widget_type=\"text-editor.default\">\n\t\t\t\t\t\t\t\t\t<p>To individuals who have lost a fingernail (or part of a fingernail) due to trauma (impact, sport, accident)<\/p><p>\u2714\ufe0f For individuals who have had or have fungal changes<\/p><p>\u2714\ufe0f For those with congenital nail plate abnormalities<\/p><p>\u2714\ufe0f For everyone who avoids open-toed shoes because of the appearance of their toenails<\/p><p>For women and men of all ages<\/p>\t\t\t\t\t\t\t\t<\/div>\n\t\t\t\t<div class=\"elementor-element elementor-element-5f83ba6 elementor-widget elementor-widget-heading\" data-id=\"5f83ba6\" data-element_type=\"widget\" data-e-type=\"widget\" data-widget_type=\"heading.default\">\n\t\t\t\t\t<h2 class=\"elementor-heading-title elementor-size-default\">How long does the treatment last?<\/h2>\t\t\t\t<\/div>\n\t\t\t\t<div class=\"elementor-element elementor-element-fd0ba05 elementor-widget elementor-widget-text-editor\" data-id=\"fd0ba05\" data-element_type=\"widget\" data-e-type=\"widget\" data-widget_type=\"text-editor.default\">\n\t\t\t\t\t\t\t\t\t<p>The treatment takes an average of 30 to 60 minutes, depending on the condition, the number of nails requiring reconstruction, and the technician's skill\/experience. The duration is also affected by whether a polish\/gel polish service is included.<\/p><p>One or more nails can be worked on, and the reconstruction is adapted to each client individually. Each nail bed requires an individual approach and method of technical intervention to achieve the best possible aesthetic solution.<\/p><p>\u00a0<\/p>\t\t\t\t\t\t\t\t<\/div>\n\t\t\t\t<div class=\"elementor-element elementor-element-bd29df7 elementor-widget elementor-widget-heading\" data-id=\"bd29df7\" data-element_type=\"widget\" data-e-type=\"widget\" data-widget_type=\"heading.default\">\n\t\t\t\t\t<h2 class=\"elementor-heading-title elementor-size-default\">What does the procedure look like?<\/h2>\t\t\t\t<\/div>\n\t\t\t\t<\/div>\n\t\t\t\t\t<\/div>\n\t\t\t\t<\/div>\n\t\t<div class=\"elementor-element elementor-element-cb7493e e-flex e-con-boxed e-con e-parent\" data-id=\"cb7493e\" data-element_type=\"container\" data-e-type=\"container\">\n\t\t\t\t\t<div class=\"e-con-inner\">\n\t\t\t\t<div class=\"elementor-element elementor-element-6baf89d elementor-widget elementor-widget-text-editor\" data-id=\"6baf89d\" data-element_type=\"widget\" data-e-type=\"widget\" data-widget_type=\"text-editor.default\">\n\t\t\t\t\t\t\t\t\t<ol><li>Condition assessment \u2013 client meeting and natural point analysis<\/li><li>Preparation \u2013 hygienic and technical nail treatment<\/li><li>Reconstruction design \u2013 material is applied and shaped<\/li><li>Finishing \u2013 fine smoothing and, at the client's request, varnish\/gel polish<\/li><\/ol><p>-without pain<\/p><p>no aggressive manoeuvres<\/p><p>- no natural nail removal\/extraction<\/p>\t\t\t\t\t\t\t\t<\/div>\n\t\t\t\t\t<\/div>\n\t\t\t\t<\/div>\n\t\t<div class=\"elementor-element elementor-element-ca717bd e-flex e-con-boxed e-con e-parent\" data-id=\"ca717bd\" data-element_type=\"container\" data-e-type=\"container\">\n\t\t\t\t\t<div class=\"e-con-inner\">\n\t\t\t\t<div class=\"elementor-element elementor-element-1c62b0e elementor-widget elementor-widget-heading\" data-id=\"1c62b0e\" data-element_type=\"widget\" data-e-type=\"widget\" data-widget_type=\"heading.default\">\n\t\t\t\t\t<h2 class=\"elementor-heading-title elementor-size-default\">How often is the treatment repeated?<\/h2>\t\t\t\t<\/div>\n\t\t\t\t\t<\/div>\n\t\t\t\t<\/div>\n\t\t<div class=\"elementor-element elementor-element-d4e898d e-flex e-con-boxed e-con e-parent\" data-id=\"d4e898d\" data-element_type=\"container\" data-e-type=\"container\">\n\t\t\t\t\t<div class=\"e-con-inner\">\n\t\t\t\t<div class=\"elementor-element elementor-element-a369954 elementor-widget elementor-widget-text-editor\" data-id=\"a369954\" data-element_type=\"widget\" data-e-type=\"widget\" data-widget_type=\"text-editor.default\">\n\t\t\t\t\t\t\t\t\t<p>It is advised to reconstruct nails every 4\u20136 weeks, depending on nail growth speed and lifestyle.<\/p><p>The treatment should definitely be repeated within 2 months.<\/p><p>It can be regularly redone until the natural nail recovers, or as a more permanent aesthetic solution depending on the client's preferences.<\/p>\t\t\t\t\t\t\t\t<\/div>\n\t\t\t\t\t<\/div>\n\t\t\t\t<\/div>\n\t\t<div class=\"elementor-element elementor-element-587ffe5 e-flex e-con-boxed e-con e-parent\" data-id=\"587ffe5\" data-element_type=\"container\" data-e-type=\"container\">\n\t\t\t\t\t<div class=\"e-con-inner\">\n\t\t\t\t<div class=\"elementor-element elementor-element-a3625d1 elementor-widget elementor-widget-heading\" data-id=\"a3625d1\" data-element_type=\"widget\" data-e-type=\"widget\" data-widget_type=\"heading.default\">\n\t\t\t\t\t<h2 class=\"elementor-heading-title elementor-size-default\">Important to know<\/h2>\t\t\t\t<\/div>\n\t\t\t\t<div class=\"elementor-element elementor-element-750ae28 elementor-widget elementor-widget-text-editor\" data-id=\"750ae28\" data-element_type=\"widget\" data-e-type=\"widget\" data-widget_type=\"text-editor.default\">\n\t\t\t\t\t\t\t\t\t<p>Reconstruction is not a treatment for fungal infections, but it can be done after or during controlled treatment with a dermatologist.\u00a0<\/p><p>In the period when the client is ready to cooperate, an individual nail treatment protocol is agreed, the so-called treatment phase.<\/p><ul><li>In case of suspected fungal infection, I always recommend a prior dermatological diagnosis\/examination.<\/li><\/ul>\t\t\t\t\t\t\t\t<\/div>\n\t\t\t\t\t<\/div>\n\t\t\t\t<\/div>\n\t\t\t\t<\/div>","protected":false},"excerpt":{"rendered":"<p>\u0160to je rekonstrukcija? Rekonstrukcija noktiju na nogama je specijalizirana estetsko-funkcionalna tehnika kojom se obnavlja izgled o\u0161te\u0107enog, deformiranog ili djelomi\u010dno\/ukupno izgubljenog [&hellip;]<\/p>\n","protected":false},"author":1,"featured_media":0,"parent":0,"menu_order":0,"comment_status":"closed","ping_status":"closed","template":"","meta":{"site-sidebar-layout":"no-sidebar","site-content-layout":"","ast-site-content-layout":"full-width-container","site-content-style":"default","site-sidebar-style":"default","ast-global-header-display":"","ast-banner-title-visibility":"","ast-main-header-display":"","ast-hfb-above-header-display":"","ast-hfb-below-header-display":"","ast-hfb-mobile-header-display":"","site-post-title":"disabled","ast-breadcrumbs-content":"","ast-featured-img":"disabled","footer-sml-layout":"","ast-disable-related-posts":"","theme-transparent-header-meta":"","adv-header-id-meta":"","stick-header-meta":"","header-above-stick-meta":"","header-main-stick-meta":"","header-below-stick-meta":"","astra-migrate-meta-layouts":"default","ast-page-background-enabled":"default","ast-page-background-meta":{"desktop":{"background-color":"var(--ast-global-color-5)","background-image":"","background-repeat":"repeat","background-position":"center center","background-size":"auto","background-attachment":"scroll","background-type":"","background-media":"","overlay-type":"","overlay-color":"","overlay-opacity":"","overlay-gradient":""},"tablet":{"background-color":"","background-image":"","background-repeat":"repeat","background-position":"center center","background-size":"auto","background-attachment":"scroll","background-type":"","background-media":"","overlay-type":"","overlay-color":"","overlay-opacity":"","overlay-gradient":""},"mobile":{"background-color":"","background-image":"","background-repeat":"repeat","background-position":"center center","background-size":"auto","background-attachment":"scroll","background-type":"","background-media":"","overlay-type":"","overlay-color":"","overlay-opacity":"","overlay-gradient":""}},"ast-content-background-meta":{"desktop":{"background-color":"var(--ast-global-color-4)","background-image":"","background-repeat":"repeat","background-position":"center center","background-size":"auto","background-attachment":"scroll","background-type":"","background-media":"","overlay-type":"","overlay-color":"","overlay-opacity":"","overlay-gradient":""},"tablet":{"background-color":"var(--ast-global-color-4)","background-image":"","background-repeat":"repeat","background-position":"center center","background-size":"auto","background-attachment":"scroll","background-type":"","background-media":"","overlay-type":"","overlay-color":"","overlay-opacity":"","overlay-gradient":""},"mobile":{"background-color":"var(--ast-global-color-4)","background-image":"","background-repeat":"repeat","background-position":"center center","background-size":"auto","background-attachment":"scroll","background-type":"","background-media":"","overlay-type":"","overlay-color":"","overlay-opacity":"","overlay-gradient":""}},"footnotes":""},"class_list":["post-52","page","type-page","status-publish","hentry"],"_links":{"self":[{"href":"https:\/\/antoniabule.com\/en\/wp-json\/wp\/v2\/pages\/52","targetHints":{"allow":["GET"]}}],"collection":[{"href":"https:\/\/antoniabule.com\/en\/wp-json\/wp\/v2\/pages"}],"about":[{"href":"https:\/\/antoniabule.com\/en\/wp-json\/wp\/v2\/types\/page"}],"author":[{"embeddable":true,"href":"https:\/\/antoniabule.com\/en\/wp-json\/wp\/v2\/users\/1"}],"replies":[{"embeddable":true,"href":"https:\/\/antoniabule.com\/en\/wp-json\/wp\/v2\/comments?post=52"}],"version-history":[{"count":28,"href":"https:\/\/antoniabule.com\/en\/wp-json\/wp\/v2\/pages\/52\/revisions"}],"predecessor-version":[{"id":214,"href":"https:\/\/antoniabule.com\/en\/wp-json\/wp\/v2\/pages\/52\/revisions\/214"}],"wp:attachment":[{"href":"https:\/\/antoniabule.com\/en\/wp-json\/wp\/v2\/media?parent=52"}],"curies":[{"name":"wp","href":"https:\/\/api.w.org\/{rel}","templated":true}]}}